{"id":272,"date":"2024-03-23T01:36:20","date_gmt":"2024-03-23T04:36:20","guid":{"rendered":"https:\/\/drapatriciaamore.com.br\/?page_id=272"},"modified":"2025-06-27T20:41:37","modified_gmt":"2025-06-27T23:41:37","slug":"dra-patricia-amore","status":"publish","type":"page","link":"https:\/\/drapatriciaamore.com.br\/index.php\/dra-patricia-amore\/","title":{"rendered":"Dra. Patr\u00edcia Amore"},"content":{"rendered":"\t\t<div data-elementor-type=\"wp-page\" data-elementor-id=\"272\" class=\"elementor elementor-272\">\n\t\t\t\t<div class=\"elementor-element elementor-element-7743956 e-con-full e-flex e-con e-parent\" data-id=\"7743956\" data-element_type=\"container\" data-e-type=\"container\" data-settings=\"{&quot;background_background&quot;:&quot;classic&quot;}\">\n\t\t\t\t<div class=\"elementor-element elementor-element-fea1245 elementor-widget elementor-widget-image\" data-id=\"fea1245\" data-element_type=\"widget\" data-e-type=\"widget\" data-widget_type=\"image.default\">\n\t\t\t\t<div class=\"elementor-widget-container\">\n\t\t\t\t\t\t\t\t\t\t\t\t\t\t\t<img fetchpriority=\"high\" decoding=\"async\" width=\"1440\" height=\"453\" src=\"https:\/\/drapatriciaamore.com.br\/wp-content\/uploads\/2024\/04\/Ilustracao_Sem_Titulo-28-e1713487976666.jpg\" class=\"attachment-1536x1536 size-1536x1536 wp-image-1474\" alt=\"\" srcset=\"https:\/\/drapatriciaamore.com.br\/wp-content\/uploads\/2024\/04\/Ilustracao_Sem_Titulo-28-e1713487976666.jpg 1440w, https:\/\/drapatriciaamore.com.br\/wp-content\/uploads\/2024\/04\/Ilustracao_Sem_Titulo-28-e1713487976666-300x94.jpg 300w, https:\/\/drapatriciaamore.com.br\/wp-content\/uploads\/2024\/04\/Ilustracao_Sem_Titulo-28-e1713487976666-1024x322.jpg 1024w, https:\/\/drapatriciaamore.com.br\/wp-content\/uploads\/2024\/04\/Ilustracao_Sem_Titulo-28-e1713487976666-768x242.jpg 768w\" sizes=\"(max-width: 1440px) 100vw, 1440px\" \/>\t\t\t\t\t\t\t\t\t\t\t\t\t\t\t<\/div>\n\t\t\t\t<\/div>\n\t\t\t\t<\/div>\n\t\t<div class=\"elementor-element elementor-element-ddcab86 e-flex e-con-boxed e-con e-parent\" data-id=\"ddcab86\" data-element_type=\"container\" data-e-type=\"container\">\n\t\t\t\t\t<div class=\"e-con-inner\">\n\t\t\t\t<div class=\"elementor-element elementor-element-fbf5852 elementor-widget elementor-widget-text-editor\" data-id=\"fbf5852\" data-element_type=\"widget\" data-e-type=\"widget\" data-widget_type=\"text-editor.default\">\n\t\t\t\t<div class=\"elementor-widget-container\">\n\t\t\t\t\t\t\t\t\t<p><span class=\"color_11 wixui-rich-text__text\"><span class=\"wixui-rich-text__text\">A Dra. Patr\u00edcia Amore\u00a0c<\/span><span class=\"wixui-rich-text__text\">ursou a Faculdade de Medicina na\u00a0Universidade do Estado do Amazonas (UEA), conclus\u00e3o em (2006-2012), em seguida fez resid\u00eancia de Cl\u00ednica M\u00e9dica no Hospital Adrinano Jorge e logo depois a subespecializa\u00e7\u00e3o em\u00a0<\/span><\/span>\u00a0Endocrinologia e Metabologia, Hospital Universit\u00e1rio Alcides Carneiro (HUAC) Campina Grande \u2013 Para\u00edba, conclus\u00e3o em 02\/2019.<\/p><p class=\"font_8 wixui-rich-text__text\"><span class=\"color_11 wixui-rich-text__text\">Atualmente, os atendimentos s\u00e3o para pacientes com objetivo de emagrecimento saud\u00e1vel tratar diabetes de maneira adequada, minimizando as suas chances de complica\u00e7\u00f5es, s\u00edndrome metab\u00f3lica, s\u00edndrome do ov\u00e1rio polic\u00edstico, dislipidemia, osteoporose, irregularidades menstruais, dentre outras.<\/span><\/p><p>Minha abordagem e\u0301 sempre focada na verdade, evide\u0302ncias cienti\u0301ficas e e\u0301tica me\u0301dica. Acredito que cada paciente e\u0301 u\u0301nico, e e\u0301 por isso que meus atendimentos sa\u0303o sempre personalizados para atender a\u0300s suas necessidades especi\u0301ficas. Seja para emagrecimento sauda\u0301vel, controle de diabetes, tratamento de distu\u0301rbios hormonais ou outras questo\u0303es relacionadas a\u0300 sau\u0301de, estou aqui para ajudar.<\/p><p>Meu consulto\u0301rio, localizado no cl\u00ednica Zenith Sa\u00fade em Manaus, e e\u0301 um espac\u0327o acolhedor onde voce\u0302 pode se sentir conforta\u0301vel e seguro. Aqui, voce\u0302 recebera\u0301 na\u0303o apenas tratamento me\u0301dico, mas tambe\u0301m apoio e orientac\u0327a\u0303o em sua jornada para uma vida mais sauda\u0301vel e equilibrada.<\/p><p>Ale\u0301m do consulto\u0301rio, estou empenhada em compartilhar informac\u0327o\u0303es de qualidade sobre Endocrinologia e Metabologia, para que voce\u0302 possa tomar deciso\u0303es informadas sobre sua sa\u00fade.<\/p>\t\t\t\t\t\t\t\t<\/div>\n\t\t\t\t<\/div>\n\t\t\t\t\t<\/div>\n\t\t\t\t<\/div>\n\t\t\t\t<\/div>\n\t\t","protected":false},"excerpt":{"rendered":"<p>A Dra. Patr\u00edcia Amore\u00a0cursou a Faculdade de Medicina na\u00a0Universidade do Estado do Amazonas (UEA), conclus\u00e3o em (2006-2012), em seguida fez [&hellip;]<\/p>\n","protected":false},"author":1,"featured_media":0,"parent":0,"menu_order":0,"comment_status":"closed","ping_status":"closed","template":"","meta":{"site-sidebar-layout":"no-sidebar","site-content-layout":"","ast-site-content-layout":"full-width-container","site-content-style":"default","site-sidebar-style":"default","ast-global-header-display":"","ast-banner-title-visibility":"","ast-main-header-display":"","ast-hfb-above-header-display":"","ast-hfb-below-header-display":"","ast-hfb-mobile-header-display":"","site-post-title":"disabled","ast-breadcrumbs-content":"","ast-featured-img":"disabled","footer-sml-layout":"","ast-disable-related-posts":"","theme-transparent-header-meta":"","adv-header-id-meta":"","stick-header-meta":"","header-above-stick-meta":"","header-main-stick-meta":"","header-below-stick-meta":"","astra-migrate-meta-layouts":"default","ast-page-background-enabled":"default","ast-page-background-meta":{"desktop":{"background-color":"var(--ast-global-color-4)","background-image":"","background-repeat":"repeat","background-position":"center center","background-size":"auto","background-attachment":"scroll","background-type":"","background-media":"","overlay-type":"","overlay-color":"","overlay-opacity":"","overlay-gradient":""},"tablet":{"background-color":"","background-image":"","background-repeat":"repeat","background-position":"center center","background-size":"auto","background-attachment":"scroll","background-type":"","background-media":"","overlay-type":"","overlay-color":"","overlay-opacity":"","overlay-gradient":""},"mobile":{"background-color":"","background-image":"","background-repeat":"repeat","background-position":"center center","background-size":"auto","background-attachment":"scroll","background-type":"","background-media":"","overlay-type":"","overlay-color":"","overlay-opacity":"","overlay-gradient":""}},"ast-content-background-meta":{"desktop":{"background-color":"var(--ast-global-color-5)","background-image":"","background-repeat":"repeat","background-position":"center center","background-size":"auto","background-attachment":"scroll","background-type":"","background-media":"","overlay-type":"","overlay-color":"","overlay-opacity":"","overlay-gradient":""},"tablet":{"background-color":"var(--ast-global-color-5)","background-image":"","background-repeat":"repeat","background-position":"center center","background-size":"auto","background-attachment":"scroll","background-type":"","background-media":"","overlay-type":"","overlay-color":"","overlay-opacity":"","overlay-gradient":""},"mobile":{"background-color":"var(--ast-global-color-5)","background-image":"","background-repeat":"repeat","background-position":"center center","background-size":"auto","background-attachment":"scroll","background-type":"","background-media":"","overlay-type":"","overlay-color":"","overlay-opacity":"","overlay-gradient":""}},"_joinchat":[],"footnotes":""},"class_list":["post-272","page","type-page","status-publish","hentry"],"_links":{"self":[{"href":"https:\/\/drapatriciaamore.com.br\/index.php\/wp-json\/wp\/v2\/pages\/272"}],"collection":[{"href":"https:\/\/drapatriciaamore.com.br\/index.php\/wp-json\/wp\/v2\/pages"}],"about":[{"href":"https:\/\/drapatriciaamore.com.br\/index.php\/wp-json\/wp\/v2\/types\/page"}],"author":[{"embeddable":true,"href":"https:\/\/drapatriciaamore.com.br\/index.php\/wp-json\/wp\/v2\/users\/1"}],"replies":[{"embeddable":true,"href":"https:\/\/drapatriciaamore.com.br\/index.php\/wp-json\/wp\/v2\/comments?post=272"}],"version-history":[{"count":79,"href":"https:\/\/drapatriciaamore.com.br\/index.php\/wp-json\/wp\/v2\/pages\/272\/revisions"}],"predecessor-version":[{"id":2071,"href":"https:\/\/drapatriciaamore.com.br\/index.php\/wp-json\/wp\/v2\/pages\/272\/revisions\/2071"}],"wp:attachment":[{"href":"https:\/\/drapatriciaamore.com.br\/index.php\/wp-json\/wp\/v2\/media?parent=272"}],"curies":[{"name":"wp","href":"https:\/\/api.w.org\/{rel}","templated":true}]}}